{"id":3908,"date":"2020-10-05T23:26:53","date_gmt":"2020-10-05T21:26:53","guid":{"rendered":"https:\/\/www.peter-simon.at\/old-simon-says\/?page_id=3908"},"modified":"2021-02-04T17:04:34","modified_gmt":"2021-02-04T16:04:34","slug":"home","status":"publish","type":"page","link":"https:\/\/www.peter-simon.at\/old-simon-says\/","title":{"rendered":"Home"},"content":{"rendered":"<p>Man muss das Wahre immer wiederholen,<br \/>\nweil auch der Irrtum um uns herum immer wieder gepredigt wird,<br \/>\nund zwar nicht von Einzelnen, sondern von der Masse.<br \/>\nIn Zeitungen und Enzyklop\u00e4dien, auf Schulen und Universit\u00e4ten,<br \/>\n\u00fcberall ist der Irrtum obenauf,<br \/>\nund es ist ihm wohl und behaglich im Gef\u00fchl der Majorit\u00e4t, die auf seiner Seite ist.\u201c<a href=\"https:\/\/de.wikipedia.org\/wiki\/Johann_Wolfgang_von_Goethe\" target=\"_blank\" rel=\"noopener noreferrer\">J.W.von Goethe<\/a> &#8211;\u00a0 vor mehr als 200 Jahren, ohne von Facebook, Twitter und dem sonstigen nonsense der &#8220;(a)sozialen Medien&#8221; zu ahnen!<\/p>\n<h2>Willkommen zu &#8230;<\/h2>\n<p>&#8230; einem Blog, das eigentlich kein Blog ist,weil es kein Log- oder Tagebuch ist, sondern eine Sammlung<br \/>\nunserer Meinungen und Kommentare zum Tagesgeschehen.<br \/>\n&#8230; einer wiki, die eigentlich keine wiki ist,sondern eher eine Bibliothek unserer Meinungen, von Recherchen<br \/>\nund von Erfahrungen aus Gebieten, die uns interessieren.<br \/>\nBildung, Wissen und <em>Eigenverantwortung <\/em><br \/>\nsind Voraussetzungen um gegen Indoktrinierung durch immer \u00f6fter&#8221;aufpopende&#8221; Gruppierungen von Bessermensch<strong>I<\/strong>nnen gewappnet zu sein.\u00a0\u00a0Emotionale Itelligenz und Empathie sind wirksame Gegenmittel gegen den,durch Staat und Medien verordneten Meinungsbrei,Akzeptanz statt Toleranz\u00a0 ein guter Weg zum besseren <em>Miteinander<\/em>.\u00a0Pers\u00f6nliche Lebenskonzepte &#8211; ohne sich gleich diskrimiert zu f\u00fchlen -sind wichtiger, als die von (selbsternannten) &#8220;Minderheitenanw\u00e4lten&#8221; geforderten gesetzlichen Regelungen.Wir laden Sie ein, gemeinsam mit uns\u00a0<em> gegen den &#8220;mainstream&#8221;\u00a0<\/em> zu schwimmen und damit unsere Lebensqualit\u00e4t deutlich zu erh\u00f6hen![expand title=&#8221;\u00a0 \u00a0 \u00a0 Bevor Sie weiterlesen&#8221; targtag=&#8221;strong&#8221;]<br \/>\n=&gt; Die folgenden Seiten sind weitestgehend\u00a0<strong>frei von political correctness<\/strong><br \/>\n=&gt; haben feminismuskritische Inhalte<br \/>\n=&gt; treten gegen Genderwahnsinn an<br \/>\n=&gt; konfrontieren Sie mit &#8220;Verschw\u00f6rungstheorien&#8221; \u00fcber die man nachdenken sollte.<br \/>\nWahre und ehrliche Feministinnen sind willkommen,<br \/>\nBessermenschInnen, Gr\u00fcnInnen, Genderisten u.\u00e4. werden sich hier nicht wohlf\u00fchlen!<br \/>\nLesen Sie nur weiter, wenn Sie sich im Vollbesitz Ihrer geistigen Kr\u00e4fte f\u00fchlen und sich Realit\u00e4ten nicht verweigern wollen!<\/p>\n<hr \/>\n<p><em>Dies ist ein &#8211; typisch amerikanischer &#8211; Warnhinweis, der Sie &#8211; im Sinne von political correctness &#8211; vor<br \/>\nInformationen, die Sie zum Nachdenken anregen sollten,<br \/>\naber Ihre Gef\u00fchle verletzen k\u00f6nnten, sch\u00fctzen soll! <\/em><br \/>\n[\/expand]<br \/>\nDie \u00d6sterreicher, i.B. wir Wiener zeichnen sich m. E. durch einen besonderen &#8211; masochistischen &#8211; Fatalismus aus.<br \/>\n<b>&#8220;Do kau ma nix mochn, ana alan kaun do nix \u00e4ndern, &#8230;.&#8221;<\/b><br \/>\nsind stete Redewendungen wenn &#8211; meist am Wirtshaustisch &#8211; \u00fcber die allgemeine Lage diskutiert, besser &#8220;g\u00b4raunzt&#8221;, wird.<br \/>\n<b>&#8230; und das ist FALSCH!<\/b><b> <\/b><br \/>\n<img decoding=\"async\" title=\"\" src=\"https:\/\/www.peter-simon.at\/solutions\/wp-content\/uploads\/2020\/05\/jane_goodall_200x148s.jpg\" alt=\"\" \/><br \/>\nIch lebe nach dem Grundsatz, dass jeder Mensch etwas ver\u00e4ndern kann,<\/p>\n<p>und zwar jederzeit!<br \/>\nWir entscheiden uns jeden Tag aufs Neue,<br \/>\nwelchen Einfluss wir auf unsere Welt aus\u00fcben.<br \/>\n(Jane Goodall, 19. Mai 2009 in Wien)Glauben wir doch Jane Goodall, dass jeder von uns etwas ver\u00e4ndern kann &#8211; <u>wenn er denn will!<\/u><\/p>\n","protected":false},"excerpt":{"rendered":"<p>Man muss das Wahre immer wiederholen, weil auch der Irrtum um uns herum immer wieder gepredigt wird, und zwar nicht von Einzelnen, sondern von der Masse. In Zeitungen und Enzyklop\u00e4dien, auf Schulen und Universit\u00e4ten, \u00fcberall ist der Irrtum obenauf, und es ist ihm wohl und behaglich im Gef\u00fchl der Majorit\u00e4t, die auf seiner Seite ist.\u201cJ.W.von [&hellip;]<\/p>\n","protected":false},"author":1,"featured_media":0,"parent":0,"menu_order":0,"comment_status":"closed","ping_status":"closed","template":"","meta":{"footnotes":""},"class_list":["post-3908","page","type-page","status-publish","hentry","entry"],"_links":{"self":[{"href":"https:\/\/www.peter-simon.at\/old-simon-says\/wp-json\/wp\/v2\/pages\/3908","targetHints":{"allow":["GET"]}}],"collection":[{"href":"https:\/\/www.peter-simon.at\/old-simon-says\/wp-json\/wp\/v2\/pages"}],"about":[{"href":"https:\/\/www.peter-simon.at\/old-simon-says\/wp-json\/wp\/v2\/types\/page"}],"author":[{"embeddable":true,"href":"https:\/\/www.peter-simon.at\/old-simon-says\/wp-json\/wp\/v2\/users\/1"}],"replies":[{"embeddable":true,"href":"https:\/\/www.peter-simon.at\/old-simon-says\/wp-json\/wp\/v2\/comments?post=3908"}],"version-history":[{"count":36,"href":"https:\/\/www.peter-simon.at\/old-simon-says\/wp-json\/wp\/v2\/pages\/3908\/revisions"}],"predecessor-version":[{"id":4636,"href":"https:\/\/www.peter-simon.at\/old-simon-says\/wp-json\/wp\/v2\/pages\/3908\/revisions\/4636"}],"wp:attachment":[{"href":"https:\/\/www.peter-simon.at\/old-simon-says\/wp-json\/wp\/v2\/media?parent=3908"}],"curies":[{"name":"wp","href":"https:\/\/api.w.org\/{rel}","templated":true}]}}