{"id":3830,"date":"2020-10-05T14:34:58","date_gmt":"2020-10-05T12:34:58","guid":{"rendered":"https:\/\/www.peter-simon.at\/old-simon-says\/?page_id=3830"},"modified":"2020-12-17T14:15:40","modified_gmt":"2020-12-17T13:15:40","slug":"oss_basic_01","status":"publish","type":"page","link":"https:\/\/www.peter-simon.at\/old-simon-says\/oss_basic_01\/","title":{"rendered":"OSS_basic_01"},"content":{"rendered":"<p><img decoding=\"async\" width=\"96\" height=\"96\" src=\"https:\/\/www.peter-simon.at\/old-simon-says\/wp-content\/uploads\/2020\/09\/Delphin_04b_96x96n.gif\" alt=\"\" loading=\"lazy\" \/>\t\t\t\t\t\t\t\t\t\t\t<\/p>\n<p>old simon says<\/p>\n<p><strong>wissen ist macht &#8230;<\/strong><br \/><strong>&#8230; gegen den mainstream!<\/strong><\/p>\n<p style=\"text-align: center;\"><strong>Simons Kommentare \u2013 konservativ-liberal, gegen den main-stream und frei von political correctness.<\/strong><\/p>\n<p><a target=\"popup\" rel=\"noopener noreferrer\"><br \/>\n<img style=\"float:right; margin-left:10px;\n\"onmouseover=\"src='https:\/\/www.peter-simon.at\/old-simon-says\/wp-content\/uploads\/2020\/12\/Caritas-Kleinschwein_1100x1100.jpg'\" \nonmouseout=\"src='https:\/\/www.peter-simon.at\/old-simon-says\/wp-content\/uploads\/2020\/12\/Caritas_schwein_188x80.jpg'\" \nsrc=\"https:\/\/www.peter-simon.at\/old-simon-says\/wp-content\/uploads\/2020\/12\/Caritas_schwein_188x80.jpg\"\/><br \/>\n<\/a><br \/>\n<a target=\"popup\" rel=\"noopener noreferrer\"><br \/>\n<img style=\"float:left; margin-left:10px;\n\"onmouseover=\"src='https:\/\/www.peter-simon.at\/old-simon-says\/wp-content\/uploads\/2020\/12\/Caritas-Ziege-Uebergabe_1100x1100.jpg'\" \nonmouseout=\"src='https:\/\/www.peter-simon.at\/old-simon-says\/wp-content\/uploads\/2020\/12\/Caritas_ziege_188x80.jpg'\" \nsrc=\"https:\/\/www.peter-simon.at\/old-simon-says\/wp-content\/uploads\/2020\/12\/Caritas_ziege_188x80.jpg\"\/><br \/>\n<\/a><br \/>\n<font color=\"green\">Weihnachten kommt! <br \/>\n<font color=\"#FF6633\">Konsumieren Sie nicht &#8211; <\/font><br \/>\n<font color=\"red\">Helfen Sie!<\/font> <\/font><br \/>\n<a href=\"http:\/\/shop.caritas.at\/\" rel=\"noopener noreferrer\" target=\"_blank\">Schenken <font color=\"red\">SIE<\/font> mit Sinn!<\/a><\/p>\n<p>txt<\/p>\n<p>\t\t\t\t\t\t\t\t\t\t<img decoding=\"async\" width=\"100\" height=\"100\" src=\"https:\/\/www.peter-simon.at\/old-simon-says\/wp-content\/uploads\/2020\/09\/Finger-Pointing_100x100-tr.png\" alt=\"\" loading=\"lazy\" \/><br \/>\n\t\t[sc name=&#8221;oss_cr_white_tr&#8221;]<meta http-equiv=\"Content-Type\" content=\"text\/html; charset=utf-8\" \/><br \/>\n<!-- Content START --><br \/>\nStatt einer \u00dcberschrift ein Zitat von <b>Johanna Dohnal<\/b>,<br \/>\n<br \/>Gastvortrag an der Technischen Universit\u00e4t Wien, WIT-Kolloquium <b>22. M\u00e4rz 2004 (!!)<\/b>:<br \/>\n<br \/>&#8220;Ich denke, es ist Zeit, daran zu erinnern: <\/p>\n<p><b>Die Vision des Feminismus ist <em>nicht<\/em> eine &#8220;weibliche Zukunft&#8221;. <em><br \/>\n<br \/>Es ist eine menschliche Zukunft.<\/em><br \/>\n<br \/>Ohne Rollenzw\u00e4nge, ohne Macht- und Gewaltverh\u00e4ltnisse, ohne M\u00e4nnerb\u00fcndelei und Weiblichkeitswahn.&#8221;<\/b><br \/>\n<br \/>\nWenn <a href=\"http:\/\/de.wikipedia.org\/wiki\/Christine_Bauer-Jelinek\" target=\"_blank\" rel=\"noopener noreferrer\">Christine Bauer-Jelinek<\/a>  im September 2012 in ihrem Buch &#8220;<a href=\"http:\/\/www.morawa-buch.at\/detail\/ISBN-9783711000293\/Bauer-Jelinek-Christine\/Der-falsche-Feind?CSPCHD=0020010100003btae3q69v0000Xm49p$2oH2C2yH_VXqjDJA--\" target=\"_blank\" rel=\"noopener noreferrer\">Der falsche Feind. Schuld sind nicht die M\u00e4nner<\/a>&#8221; schreibt:<br \/>\n<br \/>\n<em>&#8220;Ging es am Beginn der Emanzipation <strong>UM etwas<\/strong> (wie das Wahlrecht), so richtet sich der Kampf des <strong><em><a href=\"..\/Genderwahn\/index.php?page=allmachts-feminismus\">Allmachts-Feminismus<\/a><\/em><\/strong> mit der Forderung nach Gleichverteilung nun <strong>GEGEN die M\u00e4nner<\/strong>.\u201c <\/em>,<br \/>\ndann erhebt sich die Frage: <em>Was ist zwischen 2004 und 2012 schief gelaufen?<\/em><\/p>\n<p>[simon-zitate-db][simon-zitate-zufall]<\/p>\n","protected":false},"excerpt":{"rendered":"<p>old simon says wissen ist macht &#8230;&#8230; gegen den mainstream! Simons Kommentare \u2013 konservativ-liberal, gegen den main-stream und frei von political correctness. Weihnachten kommt! Konsumieren Sie nicht &#8211; Helfen Sie! Schenken SIE mit Sinn! txt [sc name=&#8221;oss_cr_white_tr&#8221;] Statt einer \u00dcberschrift ein Zitat von Johanna Dohnal, Gastvortrag an der Technischen Universit\u00e4t Wien, WIT-Kolloquium 22. M\u00e4rz 2004 [&hellip;]<\/p>\n","protected":false},"author":1,"featured_media":0,"parent":0,"menu_order":0,"comment_status":"closed","ping_status":"closed","template":"","meta":{"footnotes":""},"class_list":["post-3830","page","type-page","status-publish","hentry","entry"],"_links":{"self":[{"href":"https:\/\/www.peter-simon.at\/old-simon-says\/wp-json\/wp\/v2\/pages\/3830","targetHints":{"allow":["GET"]}}],"collection":[{"href":"https:\/\/www.peter-simon.at\/old-simon-says\/wp-json\/wp\/v2\/pages"}],"about":[{"href":"https:\/\/www.peter-simon.at\/old-simon-says\/wp-json\/wp\/v2\/types\/page"}],"author":[{"embeddable":true,"href":"https:\/\/www.peter-simon.at\/old-simon-says\/wp-json\/wp\/v2\/users\/1"}],"replies":[{"embeddable":true,"href":"https:\/\/www.peter-simon.at\/old-simon-says\/wp-json\/wp\/v2\/comments?post=3830"}],"version-history":[{"count":45,"href":"https:\/\/www.peter-simon.at\/old-simon-says\/wp-json\/wp\/v2\/pages\/3830\/revisions"}],"predecessor-version":[{"id":6229,"href":"https:\/\/www.peter-simon.at\/old-simon-says\/wp-json\/wp\/v2\/pages\/3830\/revisions\/6229"}],"wp:attachment":[{"href":"https:\/\/www.peter-simon.at\/old-simon-says\/wp-json\/wp\/v2\/media?parent=3830"}],"curies":[{"name":"wp","href":"https:\/\/api.w.org\/{rel}","templated":true}]}}